{"id":6034,"date":"2018-07-01T23:08:40","date_gmt":"2018-07-01T21:08:40","guid":{"rendered":"https:\/\/vialog-logistik.com\/?page_id=6034"},"modified":"2020-03-11T13:45:49","modified_gmt":"2020-03-11T12:45:49","slug":"imprint-ar","status":"publish","type":"page","link":"https:\/\/vialog-logistik.com\/ar\/alaitisal\/imprint-ar\/","title":{"rendered":"\u0628\u064a\u0627\u0646\u0627\u062a \u0627\u0644\u0646\u0634\u0631"},"content":{"rendered":"<p><span id=\"result_box\" class=\"\" lang=\"ar\" tabindex=\"-1\">\u062a\u0646\u0637\u0628\u0642 \u0647\u0630\u0647 \u0627\u0644\u0628\u0635\u0645\u0629 \u0639\u0644\u0649 \u0627\u0644\u0645\u0648\u0642\u0639 www.vialog-logistik.com \u060c \u062c\u0645\u064a\u0639 \u0627\u0644\u0645\u0648\u0627\u0642\u0639 \u0627\u0644\u062a\u064a \u062a\u062f\u064a\u0631\u0647\u0627 viaLog Logistik Beratung GmbH \u060c \u0628\u0627\u0644\u0625\u0636\u0627\u0641\u0629 \u0625\u0644\u0649 \u0635\u0641\u062d\u0627\u062a viaLog \u0639\u0644\u0649 Xing \u0648 LinkedIn \u0648 Facebook \u0648 + Google \u0648 Twitter \u0648 Youtube.<\/span><\/p>\n<p><span id=\"result_box\" class=\"short_text\" lang=\"ar\" tabindex=\"-1\">\u0645\u0639\u0644\u0648\u0645\u0627\u062a \u0648\u0641\u0642\u064b\u0627 \u0644\u0644\u0645\u0627\u062f\u0629 5 \u0645\u0646 \u0642\u0627\u0646\u0648\u0646 Telemedia \u0627\u0644\u0623\u0644\u0645\u0627\u0646\u064a:<\/span><\/p>\n<p>viaLog Logistik Beratung GmbH<br \/>\nRudolf-Diesel-Stra\u00dfe 30<br \/>\n33428 Harsewinkel<br \/>\nDeutschland<\/p>\n<p><span id=\"result_box\" class=\"short_text\" lang=\"ar\" tabindex=\"-1\">\u064a\u0645\u062b\u0644\u0647\u0627:<\/span><\/p>\n<p>Florian Potthoff, Dirk Aulbur, Dirk Schl\u00f6mer, <span id=\"result_box\" class=\"short_text\" lang=\"ar\" tabindex=\"-1\">\u0627\u0644\u0645\u062f\u064a\u0631 \u0627\u0644\u0639\u0627\u0645<\/span><\/p>\n<p><span id=\"result_box\" class=\"short_text\" lang=\"ar\" tabindex=\"-1\">\u0627\u0644\u0627\u062a\u0635\u0627\u0644:<\/span><\/p>\n<table>\n<tbody>\n<tr>\n<td><span id=\"result_box\" class=\"short_text\" lang=\"ar\" tabindex=\"-1\">\u0647\u0627\u062a\u0641<\/span>:<\/td>\n<td>+49 (0) 5247 \/ 9364-0<\/td>\n<\/tr>\n<tr>\n<td><span id=\"result_box\" class=\"short_text\" lang=\"ar\" tabindex=\"-1\">\u0627\u0644\u0641\u0627\u0643\u0633<\/span>:<\/td>\n<td>+49 (0) 5247 \/ 9364-44<\/td>\n<\/tr>\n<tr>\n<td><span id=\"result_box\" class=\"short_text\" lang=\"ar\" tabindex=\"-1\">\u0627\u0644\u0628\u0631\u064a\u062f \u0627\u0644\u0625\u0644\u0643\u062a\u0631\u0648\u0646\u064a E-<\/span>:<\/td>\n<td>info@vialog-logistik.com<\/td>\n<\/tr>\n<\/tbody>\n<\/table>\n<p><span id=\"result_box\" class=\"\" lang=\"ar\" tabindex=\"-1\">\u062a\u0633\u062c\u064a\u0644:<\/span><\/p>\n<p>\u0627\u0644\u062f\u062e\u0648\u0644 \u0641\u064a \u0627\u0644\u0633\u062c\u0644 \u0627\u0644\u062a\u062c\u0627\u0631\u064a.<br \/>\n\u062a\u0633\u062c\u064a\u0644 \u0627\u0644\u0645\u062d\u0643\u0645\u0629: Amtsgericht G\u00fctersloh<br \/>\n\u0631\u0642\u0645 \u0627\u0644\u062a\u0633\u062c\u064a\u0644: HRB 3773<\/p>\n<p><span id=\"result_box\" class=\"\" lang=\"ar\" tabindex=\"-1\">ID \u0636\u0631\u064a\u0628\u0629 \u0627\u0644\u0642\u064a\u0645\u0629 \u0627\u0644\u0645\u0636\u0627\u0641\u0629:<\/span><\/p>\n<p>\u0631\u0642\u0645 \u062a\u0639\u0631\u064a\u0641 \u0636\u0631\u064a\u0628\u0629 \u0627\u0644\u0645\u0628\u064a\u0639\u0627\u062a \u0648\u0641\u0642\u064b\u0627 \u0644\u0644\u0641\u0642\u0631\u0629 27 \u0645\u0646 \u0642\u0627\u0646\u0648\u0646 \u0636\u0631\u064a\u0628\u0629 \u0627\u0644\u0645\u0628\u064a\u0639\u0627\u062a:<br \/>\nDE 170231690<\/p>\n<p><span id=\"result_box\" class=\"short_text\" lang=\"ar\" tabindex=\"-1\">\u0627\u0644\u0633\u0644\u0637\u0629 \u0627\u0644\u0631\u0642\u0627\u0628\u064a\u0629:<\/span><\/p>\n<p>\u0627\u0644\u0645\u062d\u0643\u0645\u0629 \u0627\u0644\u062c\u0632\u0626\u064a\u0629 G\u00fctersloh<br \/>\nPostfach 1153<br \/>\n33326 G\u00fctersloh<\/p>\n<p><span id=\"result_box\" class=\"\" lang=\"ar\" tabindex=\"-1\">\u0645\u0639\u0644\u0648\u0645\u0627\u062a \u0639\u0646 \u062a\u0623\u0645\u064a\u0646 \u0627\u0644\u0645\u0633\u0624\u0648\u0644\u064a\u0629 \u0627\u0644\u0645\u0647\u0646\u064a\u0629:<\/span><\/p>\n<p>\u0627\u0644\u0627\u0633\u0645 \u0648\u0627\u0644\u0645\u0643\u062a\u0628 \u0627\u0644\u0645\u0633\u062c\u0644 \u0644\u0644\u0634\u0631\u0643\u0629:<\/p>\n<p>VHV Vereinigte Haftpflichtversicherung V.a.G. , VHV-Platz 1, 30177 Hannover, Germany<\/p>\n<p><span id=\"result_box\" class=\"short_text\" lang=\"ar\" tabindex=\"-1\">\u0635\u062d\u0629 \u0627\u0644\u062a\u0623\u0645\u064a\u0646: \u0645\u062d\u0644\u064a\u0629 \u0648\u0623\u062c\u0646\u0628\u064a\u0629<\/span><\/p>\n<p><span id=\"result_box\" class=\"\" lang=\"ar\" tabindex=\"-1\">\u062a\u0643\u0648\u0646 \u0645\u0633\u0624\u0648\u0644\u0629 \u0639\u0646 \u0627\u0644\u0645\u062d\u062a\u0648\u0649 \u0648\u0641\u0642\u064b\u0627 \u0644\u0644\u0641\u0642\u0631\u0629 55 \u0645\u0646 \u0642\u0627\u0646\u0648\u0646 \u0639\u0628\u0633 \u0627\u0644\u0625\u0645\u062a\u062d\u0627\u0646\u0627\u062a \u0631\u0642\u0645 2:<\/span><\/p>\n<p>Dirk Schl\u00f6mer, <span id=\"result_box\" class=\"short_text\" lang=\"ar\" tabindex=\"-1\">\u0627\u0644\u0645\u062f\u064a\u0631 \u0627\u0644\u0639\u0627\u0645<\/span><br \/>\nRudolf-Diesel-Stra\u00dfe 30<br \/>\n33428 Harsewinkel<\/p>\n<p><span id=\"result_box\" class=\"short_text\" lang=\"ar\" tabindex=\"-1\">\u0627\u0644\u0635\u0648\u0631<\/span><\/p>\n<p>\u0627\u0646\u0638\u0631 \u0627\u0644\u0627\u0639\u062a\u0645\u0627\u062f\u0627\u062a \u0627\u0644\u0635\u0648\u0631\u0629<\/p>\n<p><span id=\"result_box\" class=\"\" lang=\"ar\" tabindex=\"-1\"><span title=\"Haftungsausschluss (Disclaimer) \">\u062a\u0646\u0648\u064a\u0647 (\u062a\u0646\u0648\u064a\u0647)<br \/>\n<\/span><span title=\"Haftung f\u00fcr Inhalte \">\u0627\u0644\u0645\u0633\u0624\u0648\u0644\u064a\u0629 \u0639\u0646 \u0627\u0644\u0645\u062d\u062a\u0648\u0649<\/span><\/span><\/p>\n<p><span title=\"Als Diensteanbieter sind wir gem\u00e4\u00df \u00a7 7 Abs.1 TMG f\u00fcr eigene Inhalte auf diesen Seiten nach den allgemeinen Gesetzen verantwortlich.\">\u0643\u0645\u0642\u062f\u0645 \u0644\u0644\u062e\u062f\u0645\u0627\u062a \u060c \u0646\u062d\u0646 \u0645\u0633\u0624\u0648\u0644\u0648\u0646 \u0648\u0641\u0642\u064b\u0627 \u0644\u0644\u0641\u0642\u0631\u0629 \u00a7 7 Abs.1 TMG \u0644\u0644\u0645\u062d\u062a\u0648\u064a\u0627\u062a \u0627\u0644\u062e\u0627\u0635\u0629 \u0628\u0647\u0627 \u0639\u0644\u0649 \u0647\u0630\u0647 \u0627\u0644\u062c\u0648\u0627\u0646\u0628 \u0648\u0641\u0642\u064b\u0627 \u0644\u0644\u0642\u0648\u0627\u0646\u064a\u0646 \u0627\u0644\u0639\u0627\u0645\u0629. <\/span><span title=\"Nach \u00a7\u00a7 8 bis 10 TMG sind wir als Diensteanbieter jedoch nicht verpflichtet, \u00fcbermittelte oder gespeicherte fremde Informationen zu \u00fcberwachen oder nach Umst\u00e4nden zu forschen, die auf eine rechtswidrige T\u00e4tigkeit hinweisen.\">\u0648\u0648\u0641\u0642\u064b\u0627 \u0644\u0644\u0641\u0642\u0631\u0627\u062a \u0645\u0646 8 \u0625\u0644\u0649 10 \u0645\u0646 \u0627\u0645\u062a\u062d\u0627\u0646\u0627\u062a TMG \u060c \u0641\u0625\u0646\u0646\u0627 \u060c \u0643\u0645\u0632\u0648\u062f \u062e\u062f\u0645\u0629 \u060c \u063a\u064a\u0631 \u0645\u0644\u0632\u0645\u064a\u0646 \u0628\u0645\u0631\u0627\u0642\u0628\u0629 \u0627\u0644\u0645\u0639\u0644\u0648\u0645\u0627\u062a \u0627\u0644\u062e\u0627\u0631\u062c\u064a\u0629 \u0627\u0644\u0645\u0631\u0633\u0644\u0629 \u0623\u0648 \u0627\u0644\u0645\u062e\u0632\u0646\u0629 \u0623\u0648 \u0644\u0644\u062a\u062d\u0642\u064a\u0642 \u0641\u064a \u0627\u0644\u0638\u0631\u0648\u0641 \u0627\u0644\u062a\u064a \u062a\u0634\u064a\u0631 \u0625\u0644\u0649 \u0646\u0634\u0627\u0637 \u063a\u064a\u0631 \u0642\u0627\u0646\u0648\u0646\u064a. <\/span><span title=\"Verpflichtungen zur Entfernung oder Sperrung der Nutzung von Informationen nach den allgemeinen Gesetzen bleiben hiervon unber\u00fchrt.\">\u0648\u0644\u0627 \u062a\u062a\u0623\u062b\u0631 \u0627\u0644\u0627\u0644\u062a\u0632\u0627\u0645\u0627\u062a \u0628\u0625\u0632\u0627\u0644\u0629 \u0623\u0648 \u0645\u0646\u0639 \u0627\u0633\u062a\u062e\u062f\u0627\u0645 \u0627\u0644\u0645\u0639\u0644\u0648\u0645\u0627\u062a \u0628\u0645\u0648\u062c\u0628 \u0627\u0644\u0642\u0627\u0646\u0648\u0646 \u0627\u0644\u0639\u0627\u0645. <\/span><span title=\"Eine diesbez\u00fcgliche Haftung ist jedoch erst ab dem Zeitpunkt der Kenntnis einer konkreten Rechtsverletzung m\u00f6glich.\">\u0648\u0645\u0639 \u0630\u0644\u0643 \u060c \u0641\u0625\u0646 \u0627\u0644\u0627\u0644\u062a\u0632\u0627\u0645 \u0641\u064a \u0647\u0630\u0627 \u0627\u0644\u0635\u062f\u062f \u0645\u0645\u0643\u0646 \u0641\u0642\u0637 \u0645\u0646 \u062a\u0627\u0631\u064a\u062e \u0645\u0639\u0631\u0641\u0629 \u0627\u0646\u062a\u0647\u0627\u0643 \u0645\u062d\u062f\u062f. <\/span><span title=\"Bei Bekanntwerden von entsprechenden Rechtsverletzungen werden wir diese Inhalte umgehend entfernen. \">\u0639\u0646\u062f \u0627\u0644\u0625\u062e\u0637\u0627\u0631 \u0628\u0627\u0644\u0627\u0646\u062a\u0647\u0627\u0643\u0627\u062a \u0627\u0644\u0645\u0646\u0627\u0633\u0628\u0629 \u060c \u0633\u0646\u0642\u0648\u0645 \u0628\u0625\u0632\u0627\u0644\u0629 \u0647\u0630\u0627 \u0627\u0644\u0645\u062d\u062a\u0648\u0649 \u0639\u0644\u0649 \u0627\u0644\u0641\u0648\u0631.<br \/>\n<\/span><span title=\"Haftung f\u00fcr Links \">\u0627\u0644\u0645\u0633\u0624\u0648\u0644\u064a\u0629 \u0639\u0646 \u0627\u0644\u0631\u0648\u0627\u0628\u0637<\/span><\/p>\n<p><span title=\"Unser Angebot enth\u00e4lt Links zu externen Webseiten Dritter, auf deren Inhalte wir keinen Einfluss haben.\">\u064a\u062d\u062a\u0648\u064a \u0639\u0631\u0636\u0646\u0627 \u0639\u0644\u0649 \u0631\u0648\u0627\u0628\u0637 \u0644\u0645\u0648\u0627\u0642\u0639 \u062e\u0627\u0631\u062c\u064a\u0629 \u0644\u0623\u0637\u0631\u0627\u0641 \u062b\u0627\u0644\u062b\u0629 \u0644\u064a\u0633 \u0644\u062f\u064a\u0646\u0627 \u0623\u064a \u062a\u0623\u062b\u064a\u0631 \u0639\u0644\u0649 \u0645\u062d\u062a\u0648\u064a\u0627\u062a\u0647\u0627. <\/span><span title=\"Deshalb k\u00f6nnen wir f\u00fcr diese fremden Inhalte auch keine Gew\u00e4hr \u00fcbernehmen.\">\u0644\u0630\u0644\u0643 \u060c \u0644\u0627 \u064a\u0645\u0643\u0646\u0646\u0627 \u062a\u062d\u0645\u0644 \u0623\u064a \u0645\u0633\u0624\u0648\u0644\u064a\u0629 \u0639\u0646 \u0647\u0630\u0647 \u0627\u0644\u0645\u062d\u062a\u0648\u064a\u0627\u062a \u0627\u0644\u062e\u0627\u0631\u062c\u064a\u0629. <\/span><span title=\"F\u00fcr die Inhalte der verlinkten Seiten ist stets der jeweilige Anbieter oder Betreiber der Seiten verantwortlich.\">\u064a\u0643\u0648\u0646 \u0645\u0642\u062f\u0645 \u0627\u0644\u062e\u062f\u0645\u0629 \u0623\u0648 \u0645\u0634\u063a\u0644\u0647\u0627 \u0627\u0644\u0645\u0639\u062a\u0645\u062f \u0645\u0633\u0624\u0648\u0644\u064b\u0627 \u062f\u0627\u0626\u0645\u064b\u0627 \u0639\u0646 \u0645\u062d\u062a\u0648\u064a\u0627\u062a \u0627\u0644\u0635\u0641\u062d\u0627\u062a \u0627\u0644\u0645\u0631\u062a\u0628\u0637\u0629. <\/span><span title=\"Die verlinkten Seiten wurden zum Zeitpunkt der Verlinkung auf m\u00f6gliche Rechtsverst\u00f6\u00dfe \u00fcberpr\u00fcft.\">\u062a\u0645 \u0641\u062d\u0635 \u0627\u0644\u0635\u0641\u062d\u0627\u062a \u0627\u0644\u0645\u0631\u062a\u0628\u0637\u0629 \u0644\u0645\u0639\u0631\u0641\u0629 \u0627\u0644\u0627\u0646\u062a\u0647\u0627\u0643\u0627\u062a \u0627\u0644\u0642\u0627\u0646\u0648\u0646\u064a\u0629 \u0627\u0644\u0645\u062d\u062a\u0645\u0644\u0629 \u0641\u064a \u0648\u0642\u062a \u0627\u0644\u0631\u0628\u0637. <\/span><span title=\"Rechtswidrige Inhalte waren zum Zeitpunkt der Verlinkung nicht erkennbar.\">\u0627\u0644\u0645\u062d\u062a\u0648\u0649 \u063a\u064a\u0631 \u0627\u0644\u0642\u0627\u0646\u0648\u0646\u064a \u0644\u0645 \u064a\u0643\u0646 \u0645\u0639\u0631\u0648\u0641\u064b\u0627 \u0641\u064a \u0648\u0642\u062a \u0627\u0644\u0631\u0628\u0637. <\/span><span title=\"Eine permanente inhaltliche Kontrolle der verlinkten Seiten ist jedoch ohne konkrete Anhaltspunkte einer Rechtsverletzung nicht zumutbar.\">\u0648\u0645\u0639 \u0630\u0644\u0643 \u060c \u0641\u0625\u0646 \u0627\u0644\u062a\u062d\u0643\u0645 \u0627\u0644\u062f\u0627\u0626\u0645 \u0628\u0627\u0644\u0645\u062d\u062a\u0648\u0649 \u0641\u064a \u0627\u0644\u0635\u0641\u062d\u0627\u062a \u0627\u0644\u0645\u0631\u062a\u0628\u0637\u0629 \u0644\u064a\u0633 \u0645\u0639\u0642\u0648\u0644\u064b\u0627 \u0628\u062f\u0648\u0646 \u0648\u062c\u0648\u062f \u062f\u0644\u064a\u0644 \u0645\u0644\u0645\u0648\u0633 \u0639\u0644\u0649 \u062d\u062f\u0648\u062b \u0627\u0646\u062a\u0647\u0627\u0643. <\/span><span title=\"Bei Bekanntwerden von Rechtsverletzungen werden wir derartige Links umgehend entfernen. \">\u0639\u0646\u062f \u0627\u0644\u0625\u062e\u0637\u0627\u0631 \u0628\u0627\u0644\u0627\u0646\u062a\u0647\u0627\u0643\u0627\u062a \u060c \u0633\u0646\u0642\u0648\u0645 \u0628\u0625\u0632\u0627\u0644\u0629 \u0647\u0630\u0647 \u0627\u0644\u0631\u0648\u0627\u0628\u0637 \u0639\u0644\u0649 \u0627\u0644\u0641\u0648\u0631.<br \/>\n<\/span><span title=\"Urheberrecht \">\u062d\u0642 \u0627\u0644\u0646\u0634\u0631<\/span><\/p>\n<p><span title=\"Die durch die Seitenbetreiber erstellten Inhalte und Werke auf diesen Seiten unterliegen dem deutschen Urheberrecht.\">\u064a\u062e\u0636\u0639 \u0645\u062d\u062a\u0648\u0649 \u0648\u0623\u0639\u0645\u0627\u0644 \u0647\u0630\u0647 \u0627\u0644\u0635\u0641\u062d\u0627\u062a \u0627\u0644\u062a\u064a \u0623\u0646\u0634\u0623\u0647\u0627 \u0645\u0634\u063a\u0644\u0648 \u0627\u0644\u0645\u0648\u0642\u0639 \u0644\u0642\u0627\u0646\u0648\u0646 \u062d\u0642\u0648\u0642 \u0627\u0644\u0646\u0634\u0631 \u0627\u0644\u0623\u0644\u0645\u0627\u0646\u064a. <\/span><span title=\"Die Vervielf\u00e4ltigung, Bearbeitung, Verbreitung und jede Art der Verwertung au\u00dferhalb der Grenzen des Urheberrechtes bed\u00fcrfen der schriftlichen Zustimmung des jeweiligen Autors bzw. Erstellers.\">\u064a\u062a\u0637\u0644\u0628 \u0627\u0633\u062a\u0646\u0633\u0627\u062e \u0648\u0645\u0639\u0627\u0644\u062c\u0629 \u0648\u062a\u0648\u0632\u064a\u0639 \u0648\u0623\u064a \u0646\u0648\u0639 \u0645\u0646 \u0627\u0644\u0627\u0633\u062a\u063a\u0644\u0627\u0644 \u062e\u0627\u0631\u062c \u062d\u062f\u0648\u062f \u062d\u0642 \u0627\u0644\u0645\u0624\u0644\u0641 \u0645\u0648\u0627\u0641\u0642\u0629 \u062e\u0637\u064a\u0629 \u0645\u0646 \u0627\u0644\u0645\u0624\u0644\u0641 \u0623\u0648 \u0627\u0644\u062e\u0627\u0644\u0642 \u0627\u0644\u0645\u0639\u0646\u064a. <\/span><span title=\"Downloads und Kopien dieser Seite sind nur f\u00fcr den privaten, nicht kommerziellen Gebrauch gestattet.\">\u062a\u0639\u062f \u0627\u0644\u062a\u0646\u0632\u064a\u0644\u0627\u062a \u0648\u0646\u064f\u0633\u062e \u0647\u0630\u0627 \u0627\u0644\u0645\u0648\u0642\u0639 \u0644\u0644\u0627\u0633\u062a\u062e\u062f\u0627\u0645 \u0627\u0644\u062e\u0627\u0635 \u063a\u064a\u0631 \u0627\u0644\u062a\u062c\u0627\u0631\u064a \u0641\u0642\u0637. <\/span><span title=\"Soweit die Inhalte auf dieser Seite nicht vom Betreiber erstellt wurden, werden die Urheberrechte Dritter beachtet.\">\u0628\u0642\u062f\u0631 \u0645\u0627 \u0644\u0645 \u064a\u062a\u0645 \u0625\u0646\u0634\u0627\u0621 \u0627\u0644\u0645\u062d\u062a\u0648\u064a\u0627\u062a \u0639\u0644\u0649 \u0647\u0630\u0627 \u0627\u0644\u062c\u0627\u0646\u0628 \u0645\u0646 \u0642\u0628\u0644 \u0627\u0644\u0645\u0634\u063a\u0644 \u060c \u062a\u0639\u062a\u0628\u0631 \u062d\u0642\u0648\u0642 \u0627\u0644\u062a\u0623\u0644\u064a\u0641 \u0648\u0627\u0644\u0646\u0634\u0631 \u0645\u0646 \u0623\u0637\u0631\u0627\u0641 \u062b\u0627\u0644\u062b\u0629. <\/span><span title=\"Insbesondere werden Inhalte Dritter als solche gekennzeichnet.\">\u0639\u0644\u0649 \u0648\u062c\u0647 \u0627\u0644\u062e\u0635\u0648\u0635 \u060c \u064a\u062a\u0645 \u062a\u0639\u0631\u064a\u0641 \u0645\u062d\u062a\u0648\u0649 \u0637\u0631\u0641 \u062b\u0627\u0644\u062b \u0639\u0644\u0649 \u0647\u0630\u0627 \u0627\u0644\u0646\u062d\u0648. <\/span><span title=\"Sollten Sie trotzdem auf eine Urheberrechtsverletzung aufmerksam werden, bitten wir um einen entsprechenden Hinweis.\">\u0625\u0630\u0627 \u0643\u0646\u062a \u0644\u0627 \u062a\u0632\u0627\u0644 \u0639\u0644\u0649 \u062f\u0631\u0627\u064a\u0629 \u0628\u0627\u0646\u062a\u0647\u0627\u0643 \u062d\u0642\u0648\u0642 \u0627\u0644\u0637\u0628\u0639 \u0648\u0627\u0644\u0646\u0634\u0631 \u060c \u0641\u0646\u062d\u0646 \u0646\u0637\u0644\u0628 \u0645\u0644\u0627\u062d\u0638\u0629. <\/span><span title=\"Bei Bekanntwerden von Rechtsverletzungen werden wir derartige Inhalte umgehend entfernen.\">\u0639\u0646\u062f \u0627\u0644\u0625\u062e\u0637\u0627\u0631 \u0628\u0627\u0644\u0627\u0646\u062a\u0647\u0627\u0643\u0627\u062a \u060c \u0633\u0646\u0642\u0648\u0645 \u0628\u0625\u0632\u0627\u0644\u0629 \u0647\u0630\u0627 \u0627\u0644\u0645\u062d\u062a\u0648\u0649 \u0639\u0644\u0649 \u0627\u0644\u0641\u0648\u0631.<\/span><\/p>\n","protected":false},"excerpt":{"rendered":"<p>\u062a\u0646\u0637\u0628\u0642 \u0647\u0630\u0647 \u0627\u0644\u0628\u0635\u0645\u0629 \u0639\u0644\u0649 \u0627\u0644\u0645\u0648\u0642\u0639 www.vialog-logistik.com \u060c \u062c\u0645\u064a\u0639 \u0627\u0644\u0645\u0648\u0627\u0642\u0639 \u0627\u0644\u062a\u064a \u062a\u062f\u064a\u0631\u0647\u0627 viaLog Logistik Beratung GmbH \u060c \u0628\u0627\u0644\u0625\u0636\u0627\u0641\u0629 \u0625\u0644\u0649 \u0635\u0641\u062d\u0627\u062a viaLog \u0639\u0644\u0649 Xing \u0648 LinkedIn \u0648 Facebook \u0648 + Google \u0648 Twitter \u0648 Youtube. \u0645\u0639\u0644\u0648\u0645\u0627\u062a \u0648\u0641\u0642\u064b\u0627 \u0644\u0644\u0645\u0627\u062f\u0629 5 \u0645\u0646 \u0642\u0627\u0646\u0648\u0646 Telemedia \u0627\u0644\u0623\u0644\u0645\u0627\u0646\u064a: viaLog Logistik Beratung GmbH Rudolf-Diesel-Stra\u00dfe 30 33428 Harsewinkel Deutschland \u064a\u0645\u062b\u0644\u0647\u0627: Florian Potthoff, Dirk Aulbur,&hellip;<\/p>\n","protected":false},"author":2,"featured_media":0,"parent":6285,"menu_order":900,"comment_status":"closed","ping_status":"closed","template":"","meta":{"footnotes":""},"class_list":["post-6034","page","type-page","status-publish","hentry","description-off"],"yoast_head":"<!-- This site is optimized with the Yoast SEO plugin v27.5 - https:\/\/yoast.com\/product\/yoast-seo-wordpress\/ -->\n<title>\u0628\u064a\u0627\u0646\u0627\u062a \u0627\u0644\u0646\u0634\u0631 | viaLog Logistik<\/title>\n<meta name=\"robots\" content=\"index, follow, max-snippet:-1, max-image-preview:large, max-video-preview:-1\" \/>\n<link rel=\"canonical\" href=\"https:\/\/vialog-logistik.com\/kontakt\/impressum\/\" \/>\n<meta property=\"og:locale\" content=\"ar_AR\" \/>\n<meta property=\"og:type\" content=\"article\" \/>\n<meta property=\"og:title\" content=\"\u0628\u064a\u0627\u0646\u0627\u062a \u0627\u0644\u0646\u0634\u0631 | viaLog Logistik\" \/>\n<meta property=\"og:description\" content=\"\u062a\u0646\u0637\u0628\u0642 \u0647\u0630\u0647 \u0627\u0644\u0628\u0635\u0645\u0629 \u0639\u0644\u0649 \u0627\u0644\u0645\u0648\u0642\u0639 www.vialog-logistik.com \u060c \u062c\u0645\u064a\u0639 \u0627\u0644\u0645\u0648\u0627\u0642\u0639 \u0627\u0644\u062a\u064a \u062a\u062f\u064a\u0631\u0647\u0627 viaLog Logistik Beratung GmbH \u060c \u0628\u0627\u0644\u0625\u0636\u0627\u0641\u0629 \u0625\u0644\u0649 \u0635\u0641\u062d\u0627\u062a viaLog \u0639\u0644\u0649 Xing \u0648 LinkedIn \u0648 Facebook \u0648 + Google \u0648 Twitter \u0648 Youtube. \u0645\u0639\u0644\u0648\u0645\u0627\u062a \u0648\u0641\u0642\u064b\u0627 \u0644\u0644\u0645\u0627\u062f\u0629 5 \u0645\u0646 \u0642\u0627\u0646\u0648\u0646 Telemedia \u0627\u0644\u0623\u0644\u0645\u0627\u0646\u064a: viaLog Logistik Beratung GmbH Rudolf-Diesel-Stra\u00dfe 30 33428 Harsewinkel Deutschland \u064a\u0645\u062b\u0644\u0647\u0627: Florian Potthoff, Dirk Aulbur,&hellip;\" \/>\n<meta property=\"og:url\" content=\"https:\/\/vialog-logistik.com\/kontakt\/impressum\/\" \/>\n<meta property=\"og:site_name\" content=\"viaLog Logistik Beratung GmbH\" \/>\n<meta property=\"article:modified_time\" content=\"2020-03-11T12:45:49+00:00\" \/>\n<script type=\"application\/ld+json\" class=\"yoast-schema-graph\">{\"@context\":\"https:\\\/\\\/schema.org\",\"@graph\":[{\"@type\":\"WebPage\",\"@id\":\"https:\\\/\\\/vialog-logistik.com\\\/kontakt\\\/impressum\\\/\",\"url\":\"https:\\\/\\\/vialog-logistik.com\\\/kontakt\\\/impressum\\\/\",\"name\":\"\u0628\u064a\u0627\u0646\u0627\u062a \u0627\u0644\u0646\u0634\u0631 | viaLog Logistik\",\"isPartOf\":{\"@id\":\"https:\\\/\\\/vialog-logistik.com\\\/#website\"},\"datePublished\":\"2018-07-01T21:08:40+00:00\",\"dateModified\":\"2020-03-11T12:45:49+00:00\",\"breadcrumb\":{\"@id\":\"https:\\\/\\\/vialog-logistik.com\\\/kontakt\\\/impressum\\\/#breadcrumb\"},\"inLanguage\":\"ar\",\"potentialAction\":[{\"@type\":\"ReadAction\",\"target\":[\"https:\\\/\\\/vialog-logistik.com\\\/kontakt\\\/impressum\\\/\"]}]},{\"@type\":\"BreadcrumbList\",\"@id\":\"https:\\\/\\\/vialog-logistik.com\\\/kontakt\\\/impressum\\\/#breadcrumb\",\"itemListElement\":[{\"@type\":\"ListItem\",\"position\":1,\"name\":\"\u0627\u0644\u0627\u062a\u0635\u0627\u0644\",\"item\":\"https:\\\/\\\/vialog-logistik.com\\\/kontakt\\\/\"},{\"@type\":\"ListItem\",\"position\":2,\"name\":\"\u0628\u064a\u0627\u0646\u0627\u062a \u0627\u0644\u0646\u0634\u0631\"}]},{\"@type\":\"WebSite\",\"@id\":\"https:\\\/\\\/vialog-logistik.com\\\/#website\",\"url\":\"https:\\\/\\\/vialog-logistik.com\\\/\",\"name\":\"viaLog Logistik Beratung GmbH\",\"description\":\"Logistikberatung, Logistikplanung, Realisierung\",\"potentialAction\":[{\"@type\":\"SearchAction\",\"target\":{\"@type\":\"EntryPoint\",\"urlTemplate\":\"https:\\\/\\\/vialog-logistik.com\\\/?s={search_term_string}\"},\"query-input\":{\"@type\":\"PropertyValueSpecification\",\"valueRequired\":true,\"valueName\":\"search_term_string\"}}],\"inLanguage\":\"ar\"}]}<\/script>\n<!-- \/ Yoast SEO plugin. -->","yoast_head_json":{"title":"\u0628\u064a\u0627\u0646\u0627\u062a \u0627\u0644\u0646\u0634\u0631 | viaLog Logistik","robots":{"index":"index","follow":"follow","max-snippet":"max-snippet:-1","max-image-preview":"max-image-preview:large","max-video-preview":"max-video-preview:-1"},"canonical":"https:\/\/vialog-logistik.com\/kontakt\/impressum\/","og_locale":"ar_AR","og_type":"article","og_title":"\u0628\u064a\u0627\u0646\u0627\u062a \u0627\u0644\u0646\u0634\u0631 | viaLog Logistik","og_description":"\u062a\u0646\u0637\u0628\u0642 \u0647\u0630\u0647 \u0627\u0644\u0628\u0635\u0645\u0629 \u0639\u0644\u0649 \u0627\u0644\u0645\u0648\u0642\u0639 www.vialog-logistik.com \u060c \u062c\u0645\u064a\u0639 \u0627\u0644\u0645\u0648\u0627\u0642\u0639 \u0627\u0644\u062a\u064a \u062a\u062f\u064a\u0631\u0647\u0627 viaLog Logistik Beratung GmbH \u060c \u0628\u0627\u0644\u0625\u0636\u0627\u0641\u0629 \u0625\u0644\u0649 \u0635\u0641\u062d\u0627\u062a viaLog \u0639\u0644\u0649 Xing \u0648 LinkedIn \u0648 Facebook \u0648 + Google \u0648 Twitter \u0648 Youtube. \u0645\u0639\u0644\u0648\u0645\u0627\u062a \u0648\u0641\u0642\u064b\u0627 \u0644\u0644\u0645\u0627\u062f\u0629 5 \u0645\u0646 \u0642\u0627\u0646\u0648\u0646 Telemedia \u0627\u0644\u0623\u0644\u0645\u0627\u0646\u064a: viaLog Logistik Beratung GmbH Rudolf-Diesel-Stra\u00dfe 30 33428 Harsewinkel Deutschland \u064a\u0645\u062b\u0644\u0647\u0627: Florian Potthoff, Dirk Aulbur,&hellip;","og_url":"https:\/\/vialog-logistik.com\/kontakt\/impressum\/","og_site_name":"viaLog Logistik Beratung GmbH","article_modified_time":"2020-03-11T12:45:49+00:00","schema":{"@context":"https:\/\/schema.org","@graph":[{"@type":"WebPage","@id":"https:\/\/vialog-logistik.com\/kontakt\/impressum\/","url":"https:\/\/vialog-logistik.com\/kontakt\/impressum\/","name":"\u0628\u064a\u0627\u0646\u0627\u062a \u0627\u0644\u0646\u0634\u0631 | viaLog Logistik","isPartOf":{"@id":"https:\/\/vialog-logistik.com\/#website"},"datePublished":"2018-07-01T21:08:40+00:00","dateModified":"2020-03-11T12:45:49+00:00","breadcrumb":{"@id":"https:\/\/vialog-logistik.com\/kontakt\/impressum\/#breadcrumb"},"inLanguage":"ar","potentialAction":[{"@type":"ReadAction","target":["https:\/\/vialog-logistik.com\/kontakt\/impressum\/"]}]},{"@type":"BreadcrumbList","@id":"https:\/\/vialog-logistik.com\/kontakt\/impressum\/#breadcrumb","itemListElement":[{"@type":"ListItem","position":1,"name":"\u0627\u0644\u0627\u062a\u0635\u0627\u0644","item":"https:\/\/vialog-logistik.com\/kontakt\/"},{"@type":"ListItem","position":2,"name":"\u0628\u064a\u0627\u0646\u0627\u062a \u0627\u0644\u0646\u0634\u0631"}]},{"@type":"WebSite","@id":"https:\/\/vialog-logistik.com\/#website","url":"https:\/\/vialog-logistik.com\/","name":"viaLog Logistik Beratung GmbH","description":"Logistikberatung, Logistikplanung, Realisierung","potentialAction":[{"@type":"SearchAction","target":{"@type":"EntryPoint","urlTemplate":"https:\/\/vialog-logistik.com\/?s={search_term_string}"},"query-input":{"@type":"PropertyValueSpecification","valueRequired":true,"valueName":"search_term_string"}}],"inLanguage":"ar"}]}},"_links":{"self":[{"href":"https:\/\/vialog-logistik.com\/ar\/wp-json\/wp\/v2\/pages\/6034","targetHints":{"allow":["GET"]}}],"collection":[{"href":"https:\/\/vialog-logistik.com\/ar\/wp-json\/wp\/v2\/pages"}],"about":[{"href":"https:\/\/vialog-logistik.com\/ar\/wp-json\/wp\/v2\/types\/page"}],"author":[{"embeddable":true,"href":"https:\/\/vialog-logistik.com\/ar\/wp-json\/wp\/v2\/users\/2"}],"replies":[{"embeddable":true,"href":"https:\/\/vialog-logistik.com\/ar\/wp-json\/wp\/v2\/comments?post=6034"}],"version-history":[{"count":0,"href":"https:\/\/vialog-logistik.com\/ar\/wp-json\/wp\/v2\/pages\/6034\/revisions"}],"up":[{"embeddable":true,"href":"https:\/\/vialog-logistik.com\/ar\/wp-json\/wp\/v2\/pages\/6285"}],"wp:attachment":[{"href":"https:\/\/vialog-logistik.com\/ar\/wp-json\/wp\/v2\/media?parent=6034"}],"curies":[{"name":"wp","href":"https:\/\/api.w.org\/{rel}","templated":true}]}}